{"id":377,"date":"2021-05-20T02:09:35","date_gmt":"2021-05-20T02:09:35","guid":{"rendered":"http:\/\/z.commonsupport.com\/lebulid\/?page_id=377"},"modified":"2025-10-16T18:02:24","modified_gmt":"2025-10-16T18:02:24","slug":"solucoes","status":"publish","type":"page","link":"https:\/\/proqualiservice.com.br\/index.php\/solucoes\/","title":{"rendered":"Solu\u00e7\u00f5es"},"content":{"rendered":"\t\t<div data-elementor-type=\"wp-page\" data-elementor-id=\"377\" class=\"elementor elementor-377\" data-elementor-post-type=\"page\">\n\t\t\t\t\t\t\t\t\t<section class=\"elementor-section elementor-top-section elementor-element elementor-element-eccc95f elementor-section-full_width elementor-section-height-default elementor-section-height-default\" data-id=\"eccc95f\" data-element_type=\"section\" data-settings=\"{&quot;_ha_eqh_enable&quot;:false}\">\n\t\t\t\t\t\t<div class=\"elementor-container elementor-column-gap-no\">\n\t\t\t\t\t<div class=\"elementor-column elementor-col-100 elementor-top-column elementor-element elementor-element-3965f4e\" data-id=\"3965f4e\" data-element_type=\"column\">\n\t\t\t<div class=\"elementor-widget-wrap elementor-element-populated\">\n\t\t\t\t\t\t\t\t<div class=\"elementor-element elementor-element-7bf41b5 elementor-widget elementor-widget-lebuild_h1_service_icon\" data-id=\"7bf41b5\" data-element_type=\"widget\" data-widget_type=\"lebuild_h1_service_icon.default\">\n\t\t\t\t<div class=\"elementor-widget-container\">\n\t\t\t        \n\t\t<!-- Start Service Style1 Area -->\n\t\t<section class=\"service-style1-area \">\n\t\t\t<div class=\"container\">\n\t\t\t\t<div class=\"row\">\n\t\t\t\t\t\t\t\t\t\t<!--Start Single Service Style1-->\n\t\t\t\t\t<div class=\"col-xl-6 col-lg-6 col-md-6 wow fadeInLeft\" data-wow-delay=\"0ms\" data-wow-duration=\"1500ms\">\n\t\t\t\t\t\t<div class=\"single-service-style1\">\n\t\t\t\t\t\t\t<div class=\"icon-holder\">\n\t\t\t\t\t\t\t\t<div class=\"inner\">\n\t\t\t\t\t\t\t\t\t<span class=\" flaticon-architect\"><\/span>\n\t\t\t\t\t\t\t\t<\/div>\n\t\t\t\t\t\t\t<\/div> \n\t\t\t\t\t\t\t<div class=\"text-holder\">\n\t\t\t\t\t\t\t\t<h3><a href=\"http:\/\/proqualiservice.com.br\/index.php\/supervisao-de-montagem\/\">SUPERVIS\u00c3O DE MONTAGEM<\/a><\/h3>\n\t\t\t\t\t\t\t\t<p>Servi\u00e7o t\u00e9cnico especializado que envolve o acompanhamento e a orienta\u00e7\u00e3o da equipe durante a montagem e instala\u00e7\u00e3o de equipamentos.<\/p>\n\t\t\t\t\t\t\t<\/div>   \n\t\t\t\t\t\t<\/div>\n\t\t\t\t\t<\/div>\n\t\t\t\t\t<!--End Single Service Style1-->\n\t\t\t\t   \t\t\t\t\t<!--Start Single Service Style1-->\n\t\t\t\t\t<div class=\"col-xl-6 col-lg-6 col-md-6 wow fadeInLeft\" data-wow-delay=\"0ms\" data-wow-duration=\"1500ms\">\n\t\t\t\t\t\t<div class=\"single-service-style1\">\n\t\t\t\t\t\t\t<div class=\"icon-holder\">\n\t\t\t\t\t\t\t\t<div class=\"inner\">\n\t\t\t\t\t\t\t\t\t<span class=\" flaticon-architect\"><\/span>\n\t\t\t\t\t\t\t\t<\/div>\n\t\t\t\t\t\t\t<\/div> \n\t\t\t\t\t\t\t<div class=\"text-holder\">\n\t\t\t\t\t\t\t\t<h3><a href=\"http:\/\/proqualiservice.com.br\/index.php\/comissionamento\/\">COMISSIONAMENTO<\/a><\/h3>\n\t\t\t\t\t\t\t\t<p>Processo t\u00e9cnico essencial que compreende inspe\u00e7\u00f5es, testes e ajustes em equipamentos ou sistemas el\u00e9tricos ap\u00f3s sua montagem.<\/p>\n\t\t\t\t\t\t\t<\/div>   \n\t\t\t\t\t\t<\/div>\n\t\t\t\t\t<\/div>\n\t\t\t\t\t<!--End Single Service Style1-->\n\t\t\t\t   \t\t\t\t\t<!--Start Single Service Style1-->\n\t\t\t\t\t<div class=\"col-xl-6 col-lg-6 col-md-6 wow fadeInLeft\" data-wow-delay=\"0ms\" data-wow-duration=\"1500ms\">\n\t\t\t\t\t\t<div class=\"single-service-style1\">\n\t\t\t\t\t\t\t<div class=\"icon-holder\">\n\t\t\t\t\t\t\t\t<div class=\"inner\">\n\t\t\t\t\t\t\t\t\t<span class=\" flaticon-architect\"><\/span>\n\t\t\t\t\t\t\t\t<\/div>\n\t\t\t\t\t\t\t<\/div> \n\t\t\t\t\t\t\t<div class=\"text-holder\">\n\t\t\t\t\t\t\t\t<h3><a href=\"http:\/\/proqualiservice.com.br\/index.php\/manutencao-preventiva\/\">MANUTEN\u00c7\u00c3O PREVENTIVA<\/a><\/h3>\n\t\t\t\t\t\t\t\t<p>Conjunto de a\u00e7\u00f5es planejadas e peri\u00f3dicas que visam garantir o funcionamento eficiente de equipamentos e sistemas el\u00e9tricos. <\/p>\n\t\t\t\t\t\t\t<\/div>   \n\t\t\t\t\t\t<\/div>\n\t\t\t\t\t<\/div>\n\t\t\t\t\t<!--End Single Service Style1-->\n\t\t\t\t   \t\t\t\t\t<!--Start Single Service Style1-->\n\t\t\t\t\t<div class=\"col-xl-6 col-lg-6 col-md-6 wow fadeInLeft\" data-wow-delay=\"0ms\" data-wow-duration=\"1500ms\">\n\t\t\t\t\t\t<div class=\"single-service-style1\">\n\t\t\t\t\t\t\t<div class=\"icon-holder\">\n\t\t\t\t\t\t\t\t<div class=\"inner\">\n\t\t\t\t\t\t\t\t\t<span class=\" flaticon-architect\"><\/span>\n\t\t\t\t\t\t\t\t<\/div>\n\t\t\t\t\t\t\t<\/div> \n\t\t\t\t\t\t\t<div class=\"text-holder\">\n\t\t\t\t\t\t\t\t<h3><a href=\"http:\/\/proqualiservice.com.br\/index.php\/manutencao-corretiva\/\">MANUTEN\u00c7\u00c3O CORRETIVA <\/a><\/h3>\n\t\t\t\t\t\t\t\t<p>Consiste no reparo de falhas ou defeitos que comprometem o funcionamento dos equipamentos.<\/p>\n\t\t\t\t\t\t\t<\/div>   \n\t\t\t\t\t\t<\/div>\n\t\t\t\t\t<\/div>\n\t\t\t\t\t<!--End Single Service Style1-->\n\t\t\t\t   \t\t\t\t\t<!--Start Single Service Style1-->\n\t\t\t\t\t<div class=\"col-xl-6 col-lg-6 col-md-6 wow fadeInLeft\" data-wow-delay=\"0ms\" data-wow-duration=\"1500ms\">\n\t\t\t\t\t\t<div class=\"single-service-style1\">\n\t\t\t\t\t\t\t<div class=\"icon-holder\">\n\t\t\t\t\t\t\t\t<div class=\"inner\">\n\t\t\t\t\t\t\t\t\t<span class=\" flaticon-architect\"><\/span>\n\t\t\t\t\t\t\t\t<\/div>\n\t\t\t\t\t\t\t<\/div> \n\t\t\t\t\t\t\t<div class=\"text-holder\">\n\t\t\t\t\t\t\t\t<h3><a href=\"http:\/\/proqualiservice.com.br\/index.php\/modernizacao-de-paineis-eletricos\/\">MODERNIZA\u00c7\u00c3O DE PAIN\u00c9IS EL\u00c9TRICOS\n<\/a><\/h3>\n\t\t\t\t\t\t\t\t<p>Processo de atualiza\u00e7\u00e3o tecnol\u00f3gica, substituindo componentes obsoletos ou agregando novos itens ao sistema.<\/p>\n\t\t\t\t\t\t\t<\/div>   \n\t\t\t\t\t\t<\/div>\n\t\t\t\t\t<\/div>\n\t\t\t\t\t<!--End Single Service Style1-->\n\t\t\t\t   \t\t\t\t\t<!--Start Single Service Style1-->\n\t\t\t\t\t<div class=\"col-xl-6 col-lg-6 col-md-6 wow fadeInLeft\" data-wow-delay=\"0ms\" data-wow-duration=\"1500ms\">\n\t\t\t\t\t\t<div class=\"single-service-style1\">\n\t\t\t\t\t\t\t<div class=\"icon-holder\">\n\t\t\t\t\t\t\t\t<div class=\"inner\">\n\t\t\t\t\t\t\t\t\t<span class=\" flaticon-architect\"><\/span>\n\t\t\t\t\t\t\t\t<\/div>\n\t\t\t\t\t\t\t<\/div> \n\t\t\t\t\t\t\t<div class=\"text-holder\">\n\t\t\t\t\t\t\t\t<h3><a href=\"http:\/\/proqualiservice.com.br\/index.php\/consultoria-tecnica\/\">CONSULTORIA T\u00c9CNICA\n<\/a><\/h3>\n\t\t\t\t\t\t\t\t<p>Servi\u00e7o estrat\u00e9gico que oferece suporte especializado para an\u00e1lise, diagn\u00f3stico e recomenda\u00e7\u00e3o de solu\u00e7\u00f5es personalizadas em sistemas el\u00e9tricos.<\/p>\n\t\t\t\t\t\t\t<\/div>   \n\t\t\t\t\t\t<\/div>\n\t\t\t\t\t<\/div>\n\t\t\t\t\t<!--End Single Service Style1-->\n\t\t\t\t   \t\t\t\t<\/div>\n\t\t\t<\/div>\n\t\t<\/section>\n\t\t<!-- End Service Style1 Area -->\n             \n\t\t\t\t<\/div>\n\t\t\t\t<\/div>\n\t\t\t\t\t<\/div>\n\t\t<\/div>\n\t\t\t\t\t\t\t<\/div>\n\t\t<\/section>\n\t\t\t\t\t\t\t<\/div>\n\t\t","protected":false},"excerpt":{"rendered":"<p>SUPERVIS\u00c3O DE MONTAGEM Servi\u00e7o t\u00e9cnico especializado que envolve o acompanhamento e a orienta\u00e7\u00e3o da equipe durante a montagem e instala\u00e7\u00e3o de equipamentos. COMISSIONAMENTO Processo t\u00e9cnico essencial que compreende inspe\u00e7\u00f5es, testes e ajustes em equipamentos ou sistemas el\u00e9tricos ap\u00f3s sua montagem. MANUTEN\u00c7\u00c3O PREVENTIVA Conjunto de a\u00e7\u00f5es planejadas e peri\u00f3dicas que visam garantir o funcionamento eficiente de [&hellip;]<\/p>\n","protected":false},"author":1,"featured_media":0,"parent":0,"menu_order":0,"comment_status":"closed","ping_status":"closed","template":"tpl-default-elementor.php","meta":{"footnotes":""},"class_list":["post-377","page","type-page","status-publish","hentry"],"_links":{"self":[{"href":"https:\/\/proqualiservice.com.br\/index.php\/wp-json\/wp\/v2\/pages\/377","targetHints":{"allow":["GET"]}}],"collection":[{"href":"https:\/\/proqualiservice.com.br\/index.php\/wp-json\/wp\/v2\/pages"}],"about":[{"href":"https:\/\/proqualiservice.com.br\/index.php\/wp-json\/wp\/v2\/types\/page"}],"author":[{"embeddable":true,"href":"https:\/\/proqualiservice.com.br\/index.php\/wp-json\/wp\/v2\/users\/1"}],"replies":[{"embeddable":true,"href":"https:\/\/proqualiservice.com.br\/index.php\/wp-json\/wp\/v2\/comments?post=377"}],"version-history":[{"count":41,"href":"https:\/\/proqualiservice.com.br\/index.php\/wp-json\/wp\/v2\/pages\/377\/revisions"}],"predecessor-version":[{"id":2642,"href":"https:\/\/proqualiservice.com.br\/index.php\/wp-json\/wp\/v2\/pages\/377\/revisions\/2642"}],"wp:attachment":[{"href":"https:\/\/proqualiservice.com.br\/index.php\/wp-json\/wp\/v2\/media?parent=377"}],"curies":[{"name":"wp","href":"https:\/\/api.w.org\/{rel}","templated":true}]}}