{"id":376,"date":"2021-05-20T02:08:49","date_gmt":"2021-05-20T02:08:49","guid":{"rendered":"http:\/\/z.commonsupport.com\/lebulid\/?page_id=376"},"modified":"2025-04-07T14:26:40","modified_gmt":"2025-04-07T14:26:40","slug":"quem-somos","status":"publish","type":"page","link":"https:\/\/proqualiservice.com.br\/index.php\/quem-somos\/","title":{"rendered":"Quem Somos"},"content":{"rendered":"\t\t<div data-elementor-type=\"wp-page\" data-elementor-id=\"376\" class=\"elementor elementor-376\" data-elementor-post-type=\"page\">\n\t\t\t\t\t\t\t\t\t<section class=\"elementor-section elementor-top-section elementor-element elementor-element-89b719c elementor-section-full_width elementor-section-stretched elementor-section-height-default elementor-section-height-default\" data-id=\"89b719c\" data-element_type=\"section\" data-settings=\"{&quot;stretch_section&quot;:&quot;section-stretched&quot;,&quot;_ha_eqh_enable&quot;:false}\">\n\t\t\t\t\t\t<div class=\"elementor-container elementor-column-gap-no\">\n\t\t\t\t\t<div class=\"elementor-column elementor-col-100 elementor-top-column elementor-element elementor-element-a89828b\" data-id=\"a89828b\" data-element_type=\"column\">\n\t\t\t<div class=\"elementor-widget-wrap elementor-element-populated\">\n\t\t\t\t\t\t\t\t<div class=\"elementor-element elementor-element-dae07df elementor-widget elementor-widget-lebuild_h2_about\" data-id=\"dae07df\" data-element_type=\"widget\" data-widget_type=\"lebuild_h2_about.default\">\n\t\t\t\t<div class=\"elementor-widget-container\">\n\t\t\t        \n\t\t<section class=\"about-style2-area pdt120-pdb0 about-page\">\n\t\t\t<div class=\"container\">\n\t\t\t\t<div class=\"row\">\n\t\t\t\t\t<div class=\"col-xl-12\">\n\t\t\t\t\t\t<div class=\"about-style2-content-box text-right-rtl\">\n\t\t\t\t\t\t\t<div class=\"text-holder\">\n\t\t\t\t\t\t\t\t\t\t\t\t\t\t\t\t<div class=\"sec-title\">\n\t\t\t\t\t\t\t\t\t<div class=\"sub-title\">\n\t\t\t\t\t\t\t\t\t\t<h5>Nossa Empresa<\/h5>\n\t\t\t\t\t\t\t\t\t<\/div>\n\t\t\t\t\t\t\t\t\t<h2>+ de 27 anos gerando <br>solu\u00e7\u00f5es Inteligentes em Eletrot\u00e9cnica<\/h2>\n\t\t\t\t\t\t\t\t<\/div>\n\t\t\t\t\t\t\t\t\t\t\t\t\t\t\t\t<div class=\"inner-content\">\n\t\t\t\t\t\t\t\t\t<h3>Desde 1997, oferecemos servi\u00e7os especializados em manuten\u00e7\u00e3o, supervis\u00e3o de montagem e comissionamento de pain\u00e9is el\u00e9tricos, disjuntores, transformadores, e sistemas de prote\u00e7\u00e3o.<\/h3>\n\t\t\t\t\t\t\t\t\t<p>Desenvolvemos solu\u00e7\u00f5es completas e personalizadas para o setor el\u00e9trico, atendendo \u00e0s necessidades de cada cliente com projetos sob medida.<\/p>\n\t\t\t\t\t\t\t\t\t<ul class=\"bgclr1\">\n\t\t\t\t\t\t\t\t\t\t\t\t\t\t\t\t\t\t\t\t<li><span>+27<\/span> Anos de Experi\u00eancia<\/li>\n\t\t\t\t\t\t\t\t\t\t\t\t\t\t\t\t\t\t\t\t<li><span>+1.000<\/span> Obras Realizadas<\/li>\n\t\t\t\t\t\t\t\t\t\t\t\t\t\t\t\t\t\t\t\t<li><span>+30<\/span> Clientes Atendidos<\/li>\n\t\t\t\t\t\t\t\t\t\t\t\t\t\t\t\t\t\t\t<\/ul>\n\t\t\t\t\t\t\t\t<\/div> \n\t\t\t\t\t\t\t<\/div> \n\t\t\t\t\t\t\t<div class=\"img-box\">\n\t\t\t\t\t\t\t\t<div class=\"main_image\">\n\t\t\t\t\t\t\t\t\t<div class=\"inner wow slideInRight\" data-wow-delay=\"0ms\" data-wow-duration=\"1500ms\">\n\t\t\t\t\t\t\t\t\t\t\t\t\t\t\t\t\t\t\t\t<img decoding=\"async\" src=\"https:\/\/proqualiservice.com.br\/wp-content\/uploads\/2025\/03\/PAINEL-DE-MEDIA-TENSAO-MODELO-NXAIR-VALE-CARAJAS-5-scaled.jpg\" alt=\"\"\/>\n\t\t\t\t\t\t\t\t\t\t\t\t\t\t\t\t\t\t\t<\/div>\n\t\t\t\t\t\t\t\t\t<div class=\"image_2 wow slideInDown\" data-wow-delay=\"400ms\" data-wow-duration=\"1500ms\">\n\t\t\t\t\t\t\t\t\t\t\t\t\t\t\t\t\t\t\t\t<img decoding=\"async\" src=\"https:\/\/proqualiservice.com.br\/wp-content\/uploads\/2021\/09\/circle-one.png\" alt=\"\"\/>\n\t\t\t\t\t\t\t\t\t\t\t\t\t\t\t\t\t\t\t<\/div>\n\t\t\t\t\t\t\t\t\t<div class=\"image_3 wow slideInDown\" data-wow-delay=\"200ms\" data-wow-duration=\"1500ms\">\n\t\t\t\t\t\t\t\t\t\t\t\t\t\t\t\t\t\t\t\t<img decoding=\"async\" src=\"https:\/\/proqualiservice.com.br\/wp-content\/uploads\/2025\/04\/sld2.jpg\" alt=\"\"\/>\n\t\t\t\t\t\t\t\t\t\t\t\t\t\t\t\t\t\t\t<\/div>\n\n\t\t\t\t\t\t\t\t\t<div class=\"image_4 wow slideInUp\" data-wow-delay=\"200ms\" data-wow-duration=\"1500ms\">\n\t\t\t\t\t\t\t\t\t\t\t\t\t\t\t\t\t\t\t\t<img decoding=\"async\" src=\"https:\/\/proqualiservice.com.br\/wp-content\/uploads\/2025\/04\/sld1.jpg\" alt=\"\"\/>\n\t\t\t\t\t\t\t\t\t\t\t\t\t\t\t\t\t\t\t<\/div>\n\t\t\t\t\t\t\t\t\t<div class=\"image_5 wow slideInUp\" data-wow-delay=\"400ms\" data-wow-duration=\"1500ms\">\n\t\t\t\t\t\t\t\t\t\t\t\t\t\t\t\t\t\t\t\t<img decoding=\"async\" src=\"https:\/\/proqualiservice.com.br\/wp-content\/uploads\/2025\/04\/sld3.jpg\" alt=\"\"\/>\n\t\t\t\t\t\t\t\t\t\t\t\t\t\t\t\t\t\t\t<\/div>\n\n\t\t\t\t\t\t\t\t<\/div>\n\t\t\t\t\t\t\t<\/div> \n\t\t\t\t\t\t<\/div>    \n\t\t\t\t\t<\/div>\n\t\t\t\t\t\n\t\t\t\t<\/div>\n\t\t\t<\/div>\n\t\t<\/section>\n             \n\t\t\t\t<\/div>\n\t\t\t\t<\/div>\n\t\t\t\t\t<\/div>\n\t\t<\/div>\n\t\t\t\t\t\t\t<\/div>\n\t\t<\/section>\n\t\t\t\t<section class=\"elementor-section elementor-top-section elementor-element elementor-element-273f2e8 elementor-section-full_width elementor-section-height-default elementor-section-height-default\" data-id=\"273f2e8\" data-element_type=\"section\" data-settings=\"{&quot;_ha_eqh_enable&quot;:false}\">\n\t\t\t\t\t\t<div class=\"elementor-container elementor-column-gap-no\">\n\t\t\t\t\t<div class=\"elementor-column elementor-col-100 elementor-top-column elementor-element elementor-element-bffd3f5\" data-id=\"bffd3f5\" data-element_type=\"column\">\n\t\t\t<div class=\"elementor-widget-wrap elementor-element-populated\">\n\t\t\t\t\t\t\t\t<div class=\"elementor-element elementor-element-b8c7d08 elementor-widget elementor-widget-heading\" data-id=\"b8c7d08\" data-element_type=\"widget\" data-widget_type=\"heading.default\">\n\t\t\t\t<div class=\"elementor-widget-container\">\n\t\t\t<style>\/*! elementor - v3.16.0 - 20-09-2023 *\/\n.elementor-heading-title{padding:0;margin:0;line-height:1}.elementor-widget-heading .elementor-heading-title[class*=elementor-size-]>a{color:inherit;font-size:inherit;line-height:inherit}.elementor-widget-heading .elementor-heading-title.elementor-size-small{font-size:15px}.elementor-widget-heading .elementor-heading-title.elementor-size-medium{font-size:19px}.elementor-widget-heading .elementor-heading-title.elementor-size-large{font-size:29px}.elementor-widget-heading .elementor-heading-title.elementor-size-xl{font-size:39px}.elementor-widget-heading .elementor-heading-title.elementor-size-xxl{font-size:59px}<\/style><h2 class=\"elementor-heading-title elementor-size-default\">CONCEITOS INSTITUCIONAIS<\/h2>\t\t<\/div>\n\t\t\t\t<\/div>\n\t\t\t\t<div class=\"elementor-element elementor-element-8e1eee9 elementor-widget elementor-widget-heading\" data-id=\"8e1eee9\" data-element_type=\"widget\" data-widget_type=\"heading.default\">\n\t\t\t\t<div class=\"elementor-widget-container\">\n\t\t\t<h2 class=\"elementor-heading-title elementor-size-default\">CONCEITOS INSTITUCIONAIS<\/h2>\t\t<\/div>\n\t\t\t\t<\/div>\n\t\t\t\t<div class=\"elementor-element elementor-element-da7c2aa elementor-widget elementor-widget-lebuild_h1_service_icon\" data-id=\"da7c2aa\" data-element_type=\"widget\" data-widget_type=\"lebuild_h1_service_icon.default\">\n\t\t\t\t<div class=\"elementor-widget-container\">\n\t\t\t        \n\t\t<!-- Start Service Style1 Area -->\n\t\t<section class=\"service-style1-area bg_white\">\n\t\t\t<div class=\"container\">\n\t\t\t\t<div class=\"row\">\n\t\t\t\t\t\t\t\t\t\t<!--Start Single Service Style1-->\n\t\t\t\t\t<div class=\"col-xl-12 col-lg-6 col-md-6 wow fadeInLeft\" data-wow-delay=\"0ms\" data-wow-duration=\"1500ms\">\n\t\t\t\t\t\t<div class=\"single-service-style1\">\n\t\t\t\t\t\t\t<div class=\"icon-holder\">\n\t\t\t\t\t\t\t\t<div class=\"inner\">\n\t\t\t\t\t\t\t\t\t<span class=\"fa fa-angle-right\"><\/span>\n\t\t\t\t\t\t\t\t<\/div>\n\t\t\t\t\t\t\t<\/div> \n\t\t\t\t\t\t\t<div class=\"text-holder\">\n\t\t\t\t\t\t\t\t<h3><a href=\"\">1. MISS\u00c3O<\/a><\/h3>\n\t\t\t\t\t\t\t\t<p>Oferecer solu\u00e7\u00f5es de automa\u00e7\u00e3o industrial de alta qualidade para o setor el\u00e9trico, atendendo \u00e0 demanda global e superando as necessidades dos clientes por meio de inova\u00e7\u00e3o cont\u00ednua, integridade e constante aperfei\u00e7oamento t\u00e9cnico e tecnol\u00f3gico. <\/p>\n\t\t\t\t\t\t\t<\/div>   \n\t\t\t\t\t\t<\/div>\n\t\t\t\t\t<\/div>\n\t\t\t\t\t<!--End Single Service Style1-->\n\t\t\t\t   \t\t\t\t\t<!--Start Single Service Style1-->\n\t\t\t\t\t<div class=\"col-xl-12 col-lg-6 col-md-6 wow fadeInLeft\" data-wow-delay=\"0ms\" data-wow-duration=\"1500ms\">\n\t\t\t\t\t\t<div class=\"single-service-style1\">\n\t\t\t\t\t\t\t<div class=\"icon-holder\">\n\t\t\t\t\t\t\t\t<div class=\"inner\">\n\t\t\t\t\t\t\t\t\t<span class=\"fa fa-angle-right\"><\/span>\n\t\t\t\t\t\t\t\t<\/div>\n\t\t\t\t\t\t\t<\/div> \n\t\t\t\t\t\t\t<div class=\"text-holder\">\n\t\t\t\t\t\t\t\t<h3><a href=\"\">2. VIS\u00c3O<\/a><\/h3>\n\t\t\t\t\t\t\t\t<p>Redefinir padr\u00f5es de mercado com integridade, constante gera\u00e7\u00e3o de valor e respeito ao ser humano.<\/p>\n\t\t\t\t\t\t\t<\/div>   \n\t\t\t\t\t\t<\/div>\n\t\t\t\t\t<\/div>\n\t\t\t\t\t<!--End Single Service Style1-->\n\t\t\t\t   \t\t\t\t\t<!--Start Single Service Style1-->\n\t\t\t\t\t<div class=\"col-xl-12 col-lg-6 col-md-6 wow fadeInLeft\" data-wow-delay=\"0ms\" data-wow-duration=\"1500ms\">\n\t\t\t\t\t\t<div class=\"single-service-style1\">\n\t\t\t\t\t\t\t<div class=\"icon-holder\">\n\t\t\t\t\t\t\t\t<div class=\"inner\">\n\t\t\t\t\t\t\t\t\t<span class=\"fa fa-angle-right\"><\/span>\n\t\t\t\t\t\t\t\t<\/div>\n\t\t\t\t\t\t\t<\/div> \n\t\t\t\t\t\t\t<div class=\"text-holder\">\n\t\t\t\t\t\t\t\t<h3><a href=\"\">3. VALORES<\/a><\/h3>\n\t\t\t\t\t\t\t\t<p>Agimos com honestidade e compromisso com a verdade, assegurando que nossas rela\u00e7\u00f5es sejam transparentes, justas e confi\u00e1veis.<\/p>\n\t\t\t\t\t\t\t<\/div>   \n\t\t\t\t\t\t<\/div>\n\t\t\t\t\t<\/div>\n\t\t\t\t\t<!--End Single Service Style1-->\n\t\t\t\t   \t\t\t\t<\/div>\n\t\t\t<\/div>\n\t\t<\/section>\n\t\t<!-- End Service Style1 Area -->\n             \n\t\t\t\t<\/div>\n\t\t\t\t<\/div>\n\t\t\t\t<div class=\"elementor-element elementor-element-d036ec9 elementor-widget elementor-widget-lebuild_h1_service_icon\" data-id=\"d036ec9\" data-element_type=\"widget\" data-widget_type=\"lebuild_h1_service_icon.default\">\n\t\t\t\t<div class=\"elementor-widget-container\">\n\t\t\t        \n\t\t<!-- Start Service Style1 Area -->\n\t\t<section class=\"service-style1-area bg_white\">\n\t\t\t<div class=\"container\">\n\t\t\t\t<div class=\"row\">\n\t\t\t\t\t\t\t\t\t\t<!--Start Single Service Style1-->\n\t\t\t\t\t<div class=\"col-xl-6 col-lg-6 col-md-6 wow fadeInLeft\" data-wow-delay=\"0ms\" data-wow-duration=\"1500ms\">\n\t\t\t\t\t\t<div class=\"single-service-style1\">\n\t\t\t\t\t\t\t<div class=\"icon-holder\">\n\t\t\t\t\t\t\t\t<div class=\"inner\">\n\t\t\t\t\t\t\t\t\t<span class=\"fa fa-angle-down\"><\/span>\n\t\t\t\t\t\t\t\t<\/div>\n\t\t\t\t\t\t\t<\/div> \n\t\t\t\t\t\t\t<div class=\"text-holder\">\n\t\t\t\t\t\t\t\t<h3><a href=\"http:\/\/z.commonsupport.com\/lebulid\/automotive-manufacturing\/\">3.1. \u00c9TICA E TRANSPAR\u00caNCIA<\/a><\/h3>\n\t\t\t\t\t\t\t\t<p>Agimos com honestidade e compromisso com a verdade, assegurando que nossas rela\u00e7\u00f5es sejam transparentes, justas e confi\u00e1veis.<\/p>\n\t\t\t\t\t\t\t<\/div>   \n\t\t\t\t\t\t<\/div>\n\t\t\t\t\t<\/div>\n\t\t\t\t\t<!--End Single Service Style1-->\n\t\t\t\t   \t\t\t\t\t<!--Start Single Service Style1-->\n\t\t\t\t\t<div class=\"col-xl-6 col-lg-6 col-md-6 wow fadeInLeft\" data-wow-delay=\"0ms\" data-wow-duration=\"1500ms\">\n\t\t\t\t\t\t<div class=\"single-service-style1\">\n\t\t\t\t\t\t\t<div class=\"icon-holder\">\n\t\t\t\t\t\t\t\t<div class=\"inner\">\n\t\t\t\t\t\t\t\t\t<span class=\"fa fa-angle-down\"><\/span>\n\t\t\t\t\t\t\t\t<\/div>\n\t\t\t\t\t\t\t<\/div> \n\t\t\t\t\t\t\t<div class=\"text-holder\">\n\t\t\t\t\t\t\t\t<h3><a href=\"http:\/\/z.commonsupport.com\/lebulid\/automotive-manufacturing\/\">3.2. EXCEL\u00caNCIA T\u00c9CNICA E OPERACIONAL<\/a><\/h3>\n\t\t\t\t\t\t\t\t<p>Buscamos qualidade e melhoria cont\u00ednua em nossos processos, valorizando habilidades e investindo em capacita\u00e7\u00e3o que geram resultados excepcionais.<\/p>\n\t\t\t\t\t\t\t<\/div>   \n\t\t\t\t\t\t<\/div>\n\t\t\t\t\t<\/div>\n\t\t\t\t\t<!--End Single Service Style1-->\n\t\t\t\t   \t\t\t\t\t<!--Start Single Service Style1-->\n\t\t\t\t\t<div class=\"col-xl-6 col-lg-6 col-md-6 wow fadeInLeft\" data-wow-delay=\"0ms\" data-wow-duration=\"1500ms\">\n\t\t\t\t\t\t<div class=\"single-service-style1\">\n\t\t\t\t\t\t\t<div class=\"icon-holder\">\n\t\t\t\t\t\t\t\t<div class=\"inner\">\n\t\t\t\t\t\t\t\t\t<span class=\"fa fa-angle-down\"><\/span>\n\t\t\t\t\t\t\t\t<\/div>\n\t\t\t\t\t\t\t<\/div> \n\t\t\t\t\t\t\t<div class=\"text-holder\">\n\t\t\t\t\t\t\t\t<h3><a href=\"http:\/\/z.commonsupport.com\/lebulid\/automotive-manufacturing\/\">3.3. ADAPTABILIDADE<\/a><\/h3>\n\t\t\t\t\t\t\t\t<p>Enfrentamos desafios com inova\u00e7\u00e3o, criatividade e alta capacidade de resolu\u00e7\u00e3o de problemas, ajustando-nos rapidamente \u00e0s mudan\u00e7as e \u00e0s demandas do mercado.<\/p>\n\t\t\t\t\t\t\t<\/div>   \n\t\t\t\t\t\t<\/div>\n\t\t\t\t\t<\/div>\n\t\t\t\t\t<!--End Single Service Style1-->\n\t\t\t\t   \t\t\t\t\t<!--Start Single Service Style1-->\n\t\t\t\t\t<div class=\"col-xl-6 col-lg-6 col-md-6 wow fadeInLeft\" data-wow-delay=\"0ms\" data-wow-duration=\"1500ms\">\n\t\t\t\t\t\t<div class=\"single-service-style1\">\n\t\t\t\t\t\t\t<div class=\"icon-holder\">\n\t\t\t\t\t\t\t\t<div class=\"inner\">\n\t\t\t\t\t\t\t\t\t<span class=\"fa fa-angle-down\"><\/span>\n\t\t\t\t\t\t\t\t<\/div>\n\t\t\t\t\t\t\t<\/div> \n\t\t\t\t\t\t\t<div class=\"text-holder\">\n\t\t\t\t\t\t\t\t<h3><a href=\"\">3.4. CONFIABILIDADE<\/a><\/h3>\n\t\t\t\t\t\t\t\t<p>Constru\u00edmos credibilidade com base em nossas a\u00e7\u00f5es consistentes, demonstrando que nossos clientes podem sempre confiar na Proquali como um parceiro seguro e eficiente.\n<\/p>\n\t\t\t\t\t\t\t<\/div>   \n\t\t\t\t\t\t<\/div>\n\t\t\t\t\t<\/div>\n\t\t\t\t\t<!--End Single Service Style1-->\n\t\t\t\t   \t\t\t\t\t<!--Start Single Service Style1-->\n\t\t\t\t\t<div class=\"col-xl-6 col-lg-6 col-md-6 wow fadeInLeft\" data-wow-delay=\"0ms\" data-wow-duration=\"1500ms\">\n\t\t\t\t\t\t<div class=\"single-service-style1\">\n\t\t\t\t\t\t\t<div class=\"icon-holder\">\n\t\t\t\t\t\t\t\t<div class=\"inner\">\n\t\t\t\t\t\t\t\t\t<span class=\"fa fa-angle-down\"><\/span>\n\t\t\t\t\t\t\t\t<\/div>\n\t\t\t\t\t\t\t<\/div> \n\t\t\t\t\t\t\t<div class=\"text-holder\">\n\t\t\t\t\t\t\t\t<h3><a href=\"\">3.5. FOCO NO CLIENTE<\/a><\/h3>\n\t\t\t\t\t\t\t\t<p>Trabalhamos para alcan\u00e7ar resultados que superem as expectativas, personalizando solu\u00e7\u00f5es e priorizando as necessidades espec\u00edficas de cada cliente.<\/p>\n\t\t\t\t\t\t\t<\/div>   \n\t\t\t\t\t\t<\/div>\n\t\t\t\t\t<\/div>\n\t\t\t\t\t<!--End Single Service Style1-->\n\t\t\t\t   \t\t\t\t\t<!--Start Single Service Style1-->\n\t\t\t\t\t<div class=\"col-xl-6 col-lg-6 col-md-6 wow fadeInLeft\" data-wow-delay=\"0ms\" data-wow-duration=\"1500ms\">\n\t\t\t\t\t\t<div class=\"single-service-style1\">\n\t\t\t\t\t\t\t<div class=\"icon-holder\">\n\t\t\t\t\t\t\t\t<div class=\"inner\">\n\t\t\t\t\t\t\t\t\t<span class=\"fa fa-angle-down\"><\/span>\n\t\t\t\t\t\t\t\t<\/div>\n\t\t\t\t\t\t\t<\/div> \n\t\t\t\t\t\t\t<div class=\"text-holder\">\n\t\t\t\t\t\t\t\t<h3><a href=\"\">3.6. PAIX\u00c3O POR ATUAR<\/a><\/h3>\n\t\t\t\t\t\t\t\t<p>Atuamos com proatividade e entusiasmo, enxergando al\u00e9m do \u00f3bvio e mantendo o compromisso de superar desafios com energia e dedica\u00e7\u00e3o.<\/p>\n\t\t\t\t\t\t\t<\/div>   \n\t\t\t\t\t\t<\/div>\n\t\t\t\t\t<\/div>\n\t\t\t\t\t<!--End Single Service Style1-->\n\t\t\t\t   \t\t\t\t\t<!--Start Single Service Style1-->\n\t\t\t\t\t<div class=\"col-xl-6 col-lg-6 col-md-6 wow fadeInLeft\" data-wow-delay=\"0ms\" data-wow-duration=\"1500ms\">\n\t\t\t\t\t\t<div class=\"single-service-style1\">\n\t\t\t\t\t\t\t<div class=\"icon-holder\">\n\t\t\t\t\t\t\t\t<div class=\"inner\">\n\t\t\t\t\t\t\t\t\t<span class=\"fa fa-angle-down\"><\/span>\n\t\t\t\t\t\t\t\t<\/div>\n\t\t\t\t\t\t\t<\/div> \n\t\t\t\t\t\t\t<div class=\"text-holder\">\n\t\t\t\t\t\t\t\t<h3><a href=\"\">3.7. SEGURAN\u00c7A<\/a><\/h3>\n\t\t\t\t\t\t\t\t<p>Valorizamos a seguran\u00e7a institucional, operacional e em campo, garantindo ambientes protegidos e confi\u00e1veis para nossos colaboradores, clientes e parceiros.<\/p>\n\t\t\t\t\t\t\t<\/div>   \n\t\t\t\t\t\t<\/div>\n\t\t\t\t\t<\/div>\n\t\t\t\t\t<!--End Single Service Style1-->\n\t\t\t\t   \t\t\t\t<\/div>\n\t\t\t<\/div>\n\t\t<\/section>\n\t\t<!-- End Service Style1 Area -->\n             \n\t\t\t\t<\/div>\n\t\t\t\t<\/div>\n\t\t\t\t\t<\/div>\n\t\t<\/div>\n\t\t\t\t\t\t\t<\/div>\n\t\t<\/section>\n\t\t\t\t<section class=\"elementor-section elementor-top-section elementor-element elementor-element-723e278 elementor-section-full_width elementor-section-height-min-height elementor-section-height-default elementor-section-items-middle\" data-id=\"723e278\" data-element_type=\"section\" data-settings=\"{&quot;background_background&quot;:&quot;classic&quot;,&quot;_ha_eqh_enable&quot;:false}\">\n\t\t\t\t\t\t\t<div class=\"elementor-background-overlay\"><\/div>\n\t\t\t\t\t\t\t<div class=\"elementor-container elementor-column-gap-no\">\n\t\t\t\t\t<div class=\"elementor-column elementor-col-100 elementor-top-column elementor-element elementor-element-8b10df3\" data-id=\"8b10df3\" data-element_type=\"column\">\n\t\t\t<div class=\"elementor-widget-wrap elementor-element-populated\">\n\t\t\t\t\t\t\t\t<div class=\"elementor-element elementor-element-06195df elementor-widget elementor-widget-heading\" data-id=\"06195df\" data-element_type=\"widget\" data-widget_type=\"heading.default\">\n\t\t\t\t<div class=\"elementor-widget-container\">\n\t\t\t<h2 class=\"elementor-heading-title elementor-size-default\">Seu Parceiro de\nConfian\u00e7a para servi\u00e7os\nde extrema qualidade<\/h2>\t\t<\/div>\n\t\t\t\t<\/div>\n\t\t\t\t\t<\/div>\n\t\t<\/div>\n\t\t\t\t\t\t\t<\/div>\n\t\t<\/section>\n\t\t\t\t\t\t\t<\/div>\n\t\t","protected":false},"excerpt":{"rendered":"<p>Nossa Empresa + de 27 anos gerando solu\u00e7\u00f5es Inteligentes em Eletrot\u00e9cnica Desde 1997, oferecemos servi\u00e7os especializados em manuten\u00e7\u00e3o, supervis\u00e3o de montagem e comissionamento de pain\u00e9is el\u00e9tricos, disjuntores, transformadores, e sistemas de prote\u00e7\u00e3o. Desenvolvemos solu\u00e7\u00f5es completas e personalizadas para o setor el\u00e9trico, atendendo \u00e0s necessidades de cada cliente com projetos sob medida. +27 Anos de Experi\u00eancia [&hellip;]<\/p>\n","protected":false},"author":1,"featured_media":0,"parent":0,"menu_order":0,"comment_status":"closed","ping_status":"closed","template":"tpl-default-elementor.php","meta":{"footnotes":""},"class_list":["post-376","page","type-page","status-publish","hentry"],"_links":{"self":[{"href":"https:\/\/proqualiservice.com.br\/index.php\/wp-json\/wp\/v2\/pages\/376","targetHints":{"allow":["GET"]}}],"collection":[{"href":"https:\/\/proqualiservice.com.br\/index.php\/wp-json\/wp\/v2\/pages"}],"about":[{"href":"https:\/\/proqualiservice.com.br\/index.php\/wp-json\/wp\/v2\/types\/page"}],"author":[{"embeddable":true,"href":"https:\/\/proqualiservice.com.br\/index.php\/wp-json\/wp\/v2\/users\/1"}],"replies":[{"embeddable":true,"href":"https:\/\/proqualiservice.com.br\/index.php\/wp-json\/wp\/v2\/comments?post=376"}],"version-history":[{"count":120,"href":"https:\/\/proqualiservice.com.br\/index.php\/wp-json\/wp\/v2\/pages\/376\/revisions"}],"predecessor-version":[{"id":2497,"href":"https:\/\/proqualiservice.com.br\/index.php\/wp-json\/wp\/v2\/pages\/376\/revisions\/2497"}],"wp:attachment":[{"href":"https:\/\/proqualiservice.com.br\/index.php\/wp-json\/wp\/v2\/media?parent=376"}],"curies":[{"name":"wp","href":"https:\/\/api.w.org\/{rel}","templated":true}]}}