{"id":2102,"date":"2025-02-25T12:59:02","date_gmt":"2025-02-25T12:59:02","guid":{"rendered":"https:\/\/conectesites.com.br\/proq\/?page_id=2102"},"modified":"2025-02-28T12:02:32","modified_gmt":"2025-02-28T12:02:32","slug":"modernizacao-de-paineis-eletricos","status":"publish","type":"page","link":"https:\/\/proqualiservice.com.br\/index.php\/modernizacao-de-paineis-eletricos\/","title":{"rendered":"Moderniza\u00e7\u00e3o de Pain\u00e9s El\u00e9tricos"},"content":{"rendered":"\t\t<div data-elementor-type=\"wp-page\" data-elementor-id=\"2102\" class=\"elementor elementor-2102\" data-elementor-post-type=\"page\">\n\t\t\t\t\t\t\t\t\t<section class=\"elementor-section elementor-top-section elementor-element elementor-element-34d4b616 elementor-section-full_width elementor-section-stretched elementor-section-height-default elementor-section-height-default\" data-id=\"34d4b616\" data-element_type=\"section\" data-settings=\"{&quot;stretch_section&quot;:&quot;section-stretched&quot;,&quot;_ha_eqh_enable&quot;:false}\">\n\t\t\t\t\t\t<div class=\"elementor-container elementor-column-gap-no\">\n\t\t\t\t\t<div class=\"elementor-column elementor-col-100 elementor-top-column elementor-element elementor-element-53a8cf8e\" data-id=\"53a8cf8e\" data-element_type=\"column\">\n\t\t\t<div class=\"elementor-widget-wrap elementor-element-populated\">\n\t\t\t\t\t\t\t\t<div class=\"elementor-element elementor-element-30c1463d elementor-widget elementor-widget-lebuild_service_details1\" data-id=\"30c1463d\" data-element_type=\"widget\" data-widget_type=\"lebuild_service_details1.default\">\n\t\t\t\t<div class=\"elementor-widget-container\">\n\t\t\t        \n\t\t<section class=\"service-details-area one\">\n\t\t\t<div class=\"container\">\n\t\t\t\t<div class=\"row\">\n\t\t\t\t\t<div class=\"col-xl-12\">\n\t\t\t\t\t\t<div class=\"service-style2_top_box\">\n\t\t\t\t\t\t\t\t\t\t\t\t\t\t<div class=\"sec-title\">\n\t\t\t\t\t\t\t\t<div class=\"sub-title\">\n\t\t\t\t\t\t\t\t\t<h5>conheca as nossas solu\u00e7\u00f5es\n<\/h5>\n\t\t\t\t\t\t\t\t<\/div>\n\t\t\t\t\t\t\t\t<h2>Seu Parceiro de<br> Confian\u00e7a para servi\u00e7os <br>de <span> extrema qualidade <\/span><\/h2>\n\t\t\t\t\t\t\t<\/div>\n\t\t\t\t\t\t\t\t\t\t\t\t\t\t<div class=\"text_box\">\n\t\t\t\t\t\t\t\t<div class=\"top\">\n\t\t\t\t\t\t\t\t\t<p>Nossa equipe \u00e9 dedicada a oferecer solu\u00e7\u00f5es personalizadas que atendem \u00e0s suas necessidades, garantindo qualidade e efici\u00eancia em cada projeto.<\/p>\n\t\t\t\t\t\t\t\t<\/div>\n\t\t\t\t\t\t\t\t<div class=\"bottom\">\n\t\t\t\t\t\t\t\t\t<p>Com anos de experi\u00eancia no mercado, nos orgulhamos de manter altos padr\u00f5es em todos os aspectos dos servi\u00e7os que prestamos. <\/p>\n\t\t\t\t\t\t\t\t<\/div>\n\t\t\t\t\t\t\t<\/div>\n\t\t\t\t\t\t<\/div>\n\t\t\t\t\t<\/div>\n\t\t\t\t<\/div>\n\t\t\t<\/div>\n\t\t<\/section>\n             \n\t\t\t\t<\/div>\n\t\t\t\t<\/div>\n\t\t\t\t\t<\/div>\n\t\t<\/div>\n\t\t\t\t\t\t\t<\/div>\n\t\t<\/section>\n\t\t\t\t<section class=\"elementor-section elementor-top-section elementor-element elementor-element-641644fe elementor-section-full_width elementor-section-stretched elementor-section-height-default elementor-section-height-default\" data-id=\"641644fe\" data-element_type=\"section\" data-settings=\"{&quot;stretch_section&quot;:&quot;section-stretched&quot;,&quot;_ha_eqh_enable&quot;:false}\">\n\t\t\t\t\t\t<div class=\"elementor-container elementor-column-gap-no\">\n\t\t\t\t\t<div class=\"elementor-column elementor-col-100 elementor-top-column elementor-element elementor-element-2b3a92e3\" data-id=\"2b3a92e3\" data-element_type=\"column\">\n\t\t\t<div class=\"elementor-widget-wrap elementor-element-populated\">\n\t\t\t\t\t\t\t\t<div class=\"elementor-element elementor-element-707ae0cd elementor-widget elementor-widget-lebuild_service_details2\" data-id=\"707ae0cd\" data-element_type=\"widget\" data-widget_type=\"lebuild_service_details2.default\">\n\t\t\t\t<div class=\"elementor-widget-container\">\n\t\t\t        \n\t\t<section class=\"service-details-area two\">\n\t\t\t<div class=\"container\">\n\t\t\t\t<div class=\"row\">\n\t\t\t\t\t\t\t\t\t\t<div class=\"col-xl-4 col-lg-4 col-md-6\">\n\t\t\t\t\t\t<div class=\"service-details-single-image\">\n\t\t\t\t\t\t\t<img decoding=\"async\" src=\"https:\/\/proqualiservice.com.br\/wp-content\/uploads\/2024\/12\/solucoes2-2.jpg\" alt=\"\">\n\t\t\t\t\t\t<\/div>\n\t\t\t\t\t<\/div>\n\t\t\t\t\t\t\t\t\t\t<div class=\"col-xl-4 col-lg-4 col-md-6\">\n\t\t\t\t\t\t<div class=\"service-details-single-image\">\n\t\t\t\t\t\t\t<img decoding=\"async\" src=\"https:\/\/proqualiservice.com.br\/wp-content\/uploads\/2024\/12\/solucoes1-1.jpg\" alt=\"\">\n\t\t\t\t\t\t<\/div>\n\t\t\t\t\t<\/div>\n\t\t\t\t\t\t\t\t\t\t<div class=\"col-xl-4 col-lg-4 col-md-6\">\n\t\t\t\t\t\t<div class=\"service-details-single-image\">\n\t\t\t\t\t\t\t<img decoding=\"async\" src=\"https:\/\/proqualiservice.com.br\/wp-content\/uploads\/2024\/12\/solucocoes3-1.jpg\" alt=\"\">\n\t\t\t\t\t\t<\/div>\n\t\t\t\t\t<\/div>\n\t\t\t\t\t\t\t\t\t<\/div>\n\t\t\t<\/div>\n\t\t<\/section>\n             \n\t\t\t\t<\/div>\n\t\t\t\t<\/div>\n\t\t\t\t\t<\/div>\n\t\t<\/div>\n\t\t\t\t\t\t\t<\/div>\n\t\t<\/section>\n\t\t\t\t<section class=\"elementor-section elementor-top-section elementor-element elementor-element-7a024f0b elementor-section-full_width elementor-section-stretched elementor-section-height-default elementor-section-height-default\" data-id=\"7a024f0b\" data-element_type=\"section\" data-settings=\"{&quot;stretch_section&quot;:&quot;section-stretched&quot;,&quot;_ha_eqh_enable&quot;:false}\">\n\t\t\t\t\t\t<div class=\"elementor-container elementor-column-gap-no\">\n\t\t\t\t\t<div class=\"elementor-column elementor-col-100 elementor-top-column elementor-element elementor-element-7beaf3f\" data-id=\"7beaf3f\" data-element_type=\"column\">\n\t\t\t<div class=\"elementor-widget-wrap elementor-element-populated\">\n\t\t\t\t\t\t\t\t<div class=\"elementor-element elementor-element-1db6c133 elementor-widget elementor-widget-lebuild_service_details3\" data-id=\"1db6c133\" data-element_type=\"widget\" data-widget_type=\"lebuild_service_details3.default\">\n\t\t\t\t<div class=\"elementor-widget-container\">\n\t\t\t        \n\t\t<section class=\"service-details-area three\">\n\t\t\t<div class=\"container\">\n\t\t\t\t<div class=\"row\">\n\t\t\t\t\t<div class=\"col-xl-12\">\n\t\t\t\t\t\t<div class=\"service-details-content\">\n\t\t\t\t\t\t\t<div class=\"top\">\n\t\t\t\t\t\t\t\t<div class=\"title_holder\">\n\t\t\t\t\t\t\t\t\t<div class=\"icon\">\n\t\t\t\t\t\t\t\t\t\t<span class=\"flaticon-manufacture clr1\"><\/span>\n\t\t\t\t\t\t\t\t\t<\/div>\n\t\t\t\t\t\t\t\t\t<div class=\"title\">\n\t\t\t\t\t\t\t\t\t\t<h4>MODERNIZA\u00c7\u00c3O DE PAIN\u00c9IS EL\u00c9TRICOS<\/h4>\n\t\t\t\t\t\t\t\t\t<\/div>\n\t\t\t\t\t\t\t\t<\/div>\n\t\t\t\t\t\t\t\t<div class=\"social_link\">\n\t\t\t\t\t\t\t\t\t<ul class=\"social-links-style1\">\n\t\t\t\t\t\t\t\t\t\t\t\t\t\t\t\t\t\t\t\t<li>\n\t\t\t\t\t\t\t\t\t\t\t<a href=\"#\"><i class=\"fab fab fa-facebook-f\" aria-hidden=\"true\"><\/i><\/a> \n\t\t\t\t\t\t\t\t\t\t<\/li>\n\t\t\t\t\t\t\t\t\t\t\t\t\t\t\t\t\t\t\t\t<li>\n\t\t\t\t\t\t\t\t\t\t\t<a href=\"#\"><i class=\"fab fab fa-twitter\" aria-hidden=\"true\"><\/i><\/a> \n\t\t\t\t\t\t\t\t\t\t<\/li>\n\t\t\t\t\t\t\t\t\t\t\t\t\t\t\t\t\t\t\t\t<li>\n\t\t\t\t\t\t\t\t\t\t\t<a href=\"#\"><i class=\"fab fab fa-linkedin-in\" aria-hidden=\"true\"><\/i><\/a> \n\t\t\t\t\t\t\t\t\t\t<\/li>\n\t\t\t\t\t\t\t\t\t\t\t\t\t\t\t\t\t\t\t\t<li>\n\t\t\t\t\t\t\t\t\t\t\t<a href=\"#\"><i class=\"fab fab fa-pinterest-p\" aria-hidden=\"true\"><\/i><\/a> \n\t\t\t\t\t\t\t\t\t\t<\/li>\n\t\t\t\t\t\t\t\t\t\t\t\t\t\t\t\t\t\t\t<\/ul>    \n\t\t\t\t\t\t\t\t<\/div>\n\t\t\t\t\t\t\t<\/div> \n\t\t\t\t\t\t\t<div class=\"inner-content\">\n\t\t\t\t\t\t\t\t<div class=\"text1\">\n\t\t\t\t\t\t\t\t\t<p>A moderniza\u00e7\u00e3o de pain\u00e9is el\u00e9tricos \u00e9 um processo de atualiza\u00e7\u00e3o tecnol\u00f3gica, substituindo componentes obsoletos ou agregando novos itens ao sistema. O objetivo \u00e9 requalificar os sistemas, aumentando a efici\u00eancia operacional, a confiabilidade e a seguran\u00e7a, al\u00e9m de garantir conformidade com as normas vigentes.<\/p>\n\t\t\t\t\t\t\t\t<\/div>\n\t\t\t\t\t\t\t\t<div class=\"text2\">\n\t\t\t\t\t\t\t\t\t<p>Na <strong>Proquali, <\/strong>realizamos a moderniza\u00e7\u00e3o de <strong>pain\u00e9is el\u00e9tricos, disjuntores de baixa e m\u00e9dia tens\u00e3o e rel\u00e9s de prote\u00e7\u00e3o, <\/strong>assegurando sistemas mais modernos e eficientes.<\/p>\n\t\t\t\t\t\t\t\t<\/div>\n\t\t\t\t\t\t\t\t<div class=\"text3\">\n\t\t\t\t\t\t\t\t\t<p><\/p>\n\t\t\t\t\t\t\t\t<\/div>\n\t\t\t\t\t\t\t<\/div>\n\t\t\t\t\t\t<\/div>\n\t\t\t\t\t<\/div>\n\t\t\t\t<\/div>\n\t\t\t<\/div>\n\t\t<\/section>\n             \n\t\t\t\t<\/div>\n\t\t\t\t<\/div>\n\t\t\t\t\t<\/div>\n\t\t<\/div>\n\t\t\t\t\t\t\t<\/div>\n\t\t<\/section>\n\t\t\t\t<section class=\"elementor-section elementor-top-section elementor-element elementor-element-375bc844 elementor-section-full_width elementor-section-stretched elementor-section-height-default elementor-section-height-default\" data-id=\"375bc844\" data-element_type=\"section\" data-settings=\"{&quot;stretch_section&quot;:&quot;section-stretched&quot;,&quot;_ha_eqh_enable&quot;:false}\">\n\t\t\t\t\t\t<div class=\"elementor-container elementor-column-gap-no\">\n\t\t\t\t\t<div class=\"elementor-column elementor-col-100 elementor-top-column elementor-element elementor-element-164863ca\" data-id=\"164863ca\" data-element_type=\"column\">\n\t\t\t<div class=\"elementor-widget-wrap elementor-element-populated\">\n\t\t\t\t\t\t\t\t<div class=\"elementor-element elementor-element-10cf7a6f elementor-widget elementor-widget-lebuild_h1_newsletter\" data-id=\"10cf7a6f\" data-element_type=\"widget\" data-widget_type=\"lebuild_h1_newsletter.default\">\n\t\t\t\t<div class=\"elementor-widget-container\">\n\t\t\t        \n\t\t<section class=\"subscribe-area \">\n\t\t\t\t\t\t<div class=\"subscribe-area_bg\" style=\"background-image: url(https:\/\/proqualiservice.com.br\/wp-content\/uploads\/2021\/05\/subscribe-area-bg.jpg);\">\n\t\t\t\t\t\t<\/div>\n\t\t\t<div class=\"container\">\n\t\t\t\t<div class=\"row\">\n\t\t\t\t\t<div class=\"col-xl-12\">\n\t\t\t\t\t\t<div class=\"subscribe-content-box wow slideInDown\" data-wow-delay=\"100ms\" data-wow-duration=\"1500ms\">\n\t\t\t\t\t\t\t<div class=\"title_box\">\n\t\t\t\t\t\t\t\t<div class=\"icon\">\n\t\t\t\t\t\t\t\t\t<span class=\"flaticon-newsletter\"><\/span>\n\t\t\t\t\t\t\t\t<\/div>\n\t\t\t\t\t\t\t\t<div class=\"subscribe-title\">\n\t\t\t\t\t\t\t\t\t<p>receba nossa<\/p>\n\t\t\t\t\t\t\t\t\t<h3>apresenta\u00e7\u00e3o<\/h3>\n\t\t\t\t\t\t\t\t<\/div>\n\t\t\t\t\t\t\t<\/div>\n\t\t\t\t\t\t\t<div class=\"text\">\n\t\t\t\t\t\t\t\t<p>Receba conte\u00fado sobre nossa empresa diretamente no seu email<\/p>\n\t\t\t\t\t\t\t<\/div>\n\t\t\t\t\t\t\t<div class=\"subscribe-box\">\n\t\t\t\t\t\t\t\t<form class=\"subscribe-form\" method=\"post\" action=\"http:\/\/feedburner.google.com\/fb\/a\/mailverify\" accept-charset=\"utf-8\">\n\t\t\t\t\t\t\t\t\t<input type=\"hidden\" id=\"uri2\" name=\"uri\" value=\"themeforest\">\n\t\t\t\t\t\t\t\t\t<input type=\"email\" name=\"email\" placeholder=\"Digite seu Email\">\n\t\t\t\t\t\t\t\t\t<button class=\"btn-one\" type=\"submit\"><span class=\"txt\"><i class=\"flaticon-paper-plane\"><\/i><\/span><\/button>\n\t\t\t\t\t\t\t\t<\/form>\n\t\t\t\t\t\t\t\t<p>Voc\u00ea receber\u00e1 um pdf com a nossa apresenta\u00e7\u00e3o institucional. Verifique sua caixa de mensagens!*<span>*<\/span><\/p>\n\t\t\t\t\t\t\t<\/div>\n\t\t\t\t\t\t\t<div class=\"phone_number\">\n\t\t\t\t\t\t\t\t<div class=\"icon bgclr1\">\n\t\t\t\t\t\t\t\t\t<span class=\"flaticon-phone-call-2\"><\/span>\n\t\t\t\t\t\t\t\t<\/div>\n\t\t\t\t\t\t\t\t<div class=\"inner_text\">\n\t\t\t\t\t\t\t\t\t<p>Entre em Contato<\/p>\n\t\t\t\t\t\t\t\t\t<h2><a href=\"tel:\">+55 11 2408 3641<\/a><\/h2>\n\t\t\t\t\t\t\t\t<\/div>\n\t\t\t\t\t\t\t<\/div>\n\t\t\t\t\t\t<\/div> \n\t\t\t\t\t<\/div>\n\t\t\t\t<\/div>\n\t\t\t<\/div>\n\t\t<\/section>\n             \n\t\t\t\t<\/div>\n\t\t\t\t<\/div>\n\t\t\t\t\t<\/div>\n\t\t<\/div>\n\t\t\t\t\t\t\t<\/div>\n\t\t<\/section>\n\t\t\t\t\t\t\t<\/div>\n\t\t","protected":false},"excerpt":{"rendered":"<p>conheca as nossas solu\u00e7\u00f5es Seu Parceiro de Confian\u00e7a para servi\u00e7os de extrema qualidade Nossa equipe \u00e9 dedicada a oferecer solu\u00e7\u00f5es personalizadas que atendem \u00e0s suas necessidades, garantindo qualidade e efici\u00eancia em cada projeto. Com anos de experi\u00eancia no mercado, nos orgulhamos de manter altos padr\u00f5es em todos os aspectos dos servi\u00e7os que prestamos. MODERNIZA\u00c7\u00c3O DE [&hellip;]<\/p>\n","protected":false},"author":1,"featured_media":0,"parent":0,"menu_order":0,"comment_status":"closed","ping_status":"closed","template":"tpl-default-elementor.php","meta":{"footnotes":""},"class_list":["post-2102","page","type-page","status-publish","hentry"],"_links":{"self":[{"href":"https:\/\/proqualiservice.com.br\/index.php\/wp-json\/wp\/v2\/pages\/2102","targetHints":{"allow":["GET"]}}],"collection":[{"href":"https:\/\/proqualiservice.com.br\/index.php\/wp-json\/wp\/v2\/pages"}],"about":[{"href":"https:\/\/proqualiservice.com.br\/index.php\/wp-json\/wp\/v2\/types\/page"}],"author":[{"embeddable":true,"href":"https:\/\/proqualiservice.com.br\/index.php\/wp-json\/wp\/v2\/users\/1"}],"replies":[{"embeddable":true,"href":"https:\/\/proqualiservice.com.br\/index.php\/wp-json\/wp\/v2\/comments?post=2102"}],"version-history":[{"count":11,"href":"https:\/\/proqualiservice.com.br\/index.php\/wp-json\/wp\/v2\/pages\/2102\/revisions"}],"predecessor-version":[{"id":2277,"href":"https:\/\/proqualiservice.com.br\/index.php\/wp-json\/wp\/v2\/pages\/2102\/revisions\/2277"}],"wp:attachment":[{"href":"https:\/\/proqualiservice.com.br\/index.php\/wp-json\/wp\/v2\/media?parent=2102"}],"curies":[{"name":"wp","href":"https:\/\/api.w.org\/{rel}","templated":true}]}}