{"id":15,"date":"2021-05-13T08:56:49","date_gmt":"2021-05-13T08:56:49","guid":{"rendered":"http:\/\/z.commonsupport.com\/lebulid\/?page_id=15"},"modified":"2025-04-07T14:31:47","modified_gmt":"2025-04-07T14:31:47","slug":"home-page-03","status":"publish","type":"page","link":"https:\/\/proqualiservice.com.br\/","title":{"rendered":"Home"},"content":{"rendered":"\t\t<div data-elementor-type=\"wp-page\" data-elementor-id=\"15\" class=\"elementor elementor-15\" data-elementor-post-type=\"page\">\n\t\t\t\t\t\t\t\t\t<section class=\"elementor-section elementor-top-section elementor-element elementor-element-1094ce3f elementor-section-full_width elementor-section-height-default elementor-section-height-default\" data-id=\"1094ce3f\" data-element_type=\"section\" data-settings=\"{&quot;_ha_eqh_enable&quot;:false}\">\n\t\t\t\t\t\t<div class=\"elementor-container elementor-column-gap-no\">\n\t\t\t\t\t<div class=\"elementor-column elementor-col-100 elementor-top-column elementor-element elementor-element-7eb9e43e\" data-id=\"7eb9e43e\" data-element_type=\"column\">\n\t\t\t<div class=\"elementor-widget-wrap elementor-element-populated\">\n\t\t\t\t\t\t\t\t<div class=\"elementor-element elementor-element-2519016b elementor-widget elementor-widget-lebuild_h3_slider\" data-id=\"2519016b\" data-element_type=\"widget\" data-widget_type=\"lebuild_h3_slider.default\">\n\t\t\t\t<div class=\"elementor-widget-container\">\n\t\t\t        \n\t\t<section class=\"main-slider style3 \">\n\t\t\t<div class=\"slider-box\">\n\t\t\t\t<!-- Banner Carousel -->\n\t\t\t\t<div class=\"banner-carousel owl-theme owl-carousel\">\n\t\t\t\t\t\t\t\t\t\t<div class=\"slide\">\n\t\t\t\t\t\t<div class=\"image-layer\" style=\"background-image:url(https:\/\/proqualiservice.com.br\/wp-content\/uploads\/2025\/04\/sld3.jpg)\"><\/div>\n\t\t\t\t\t\t<div class=\"layer-outer-image1\">\n\t\t\t\t\t\t\t<img decoding=\"async\" src=\"\" alt=\"\">\n\t\t\t\t\t\t<\/div>\n\t\t\t\t\t\t<div class=\"auto-container\">\n\t\t\t\t\t\t\t<div class=\"content\">\n\t\t\t\t\t\t\t\t<div class=\"sub-title\">\n\t\t\t\t\t\t\t\t\t<h4>Proquali Service<\/h4>\n\t\t\t\t\t\t\t\t<\/div>\n\t\t\t\t\t\t\t\t<div class=\"big-title\">\n\t\t\t\t\t\t\t\t\t<h2>Solu\u00e7\u00f5es inteligentes em <br>equipamentos el\u00e9tricos industriais<br>de baixa e m\u00e9dia tens\u00e3o\n<\/h2>\n\t\t\t\t\t\t\t\t<\/div>\n\t\t\t\t\t\t\t\t<h3>Garantia da seguran\u00e7a e o bom funcionamento das<br>instala\u00e7\u00f5es el\u00e9tricas em ind\u00fastrias de diversos setores\n<\/h3>\n\t\t\t\t\t\t\t\t<div class=\"btns-box\">\n\t\t\t\t\t\t\t\t\t\t\t\t\t\t\t\t\t\t\t\t\t\t\t\t\t\t\t<div class=\"right\">\n\t\t\t\t\t\t\t\t\t\t<a class=\"btn-one style3\" href=\"http:\/\/proqualiservice.com.br\/index.php\/quem-somos\/\"><span class=\"txt\">Quem Somos<i class=\"flaticon-right-arrow-1 arrow1\"><\/i><\/span><\/a>\n\t\t\t\t\t\t\t\t\t<\/div>\n\t\t\t\t\t\t\t\t\t\t\t\t\t\t\t\t\t<\/div>\n\t\t\t\t\t\t\t<\/div>\n\t\t\t\t\t\t<\/div>\n\t\t\t\t\t<\/div>\n\t\t\t\t\t\t\t\t\t\t<div class=\"slide\">\n\t\t\t\t\t\t<div class=\"image-layer\" style=\"background-image:url(https:\/\/proqualiservice.com.br\/wp-content\/uploads\/2025\/04\/sld1.jpg)\"><\/div>\n\t\t\t\t\t\t<div class=\"layer-outer-image1\">\n\t\t\t\t\t\t\t<img decoding=\"async\" src=\"\" alt=\"\">\n\t\t\t\t\t\t<\/div>\n\t\t\t\t\t\t<div class=\"auto-container\">\n\t\t\t\t\t\t\t<div class=\"content\">\n\t\t\t\t\t\t\t\t<div class=\"sub-title\">\n\t\t\t\t\t\t\t\t\t<h4>Proquali Service<\/h4>\n\t\t\t\t\t\t\t\t<\/div>\n\t\t\t\t\t\t\t\t<div class=\"big-title\">\n\t\t\t\t\t\t\t\t\t<h2>Solu\u00e7\u00f5es inteligentes em <br>equipamentos el\u00e9tricos industriais<br>de baixa e m\u00e9dia tens\u00e3o\n<\/h2>\n\t\t\t\t\t\t\t\t<\/div>\n\t\t\t\t\t\t\t\t<h3>Garantia da seguran\u00e7a e o bom funcionamento das<br>instala\u00e7\u00f5es el\u00e9tricas em ind\u00fastrias de diversos setores\n\n<\/h3>\n\t\t\t\t\t\t\t\t<div class=\"btns-box\">\n\t\t\t\t\t\t\t\t\t\t\t\t\t\t\t\t\t\t\t\t\t\t\t\t\t\t\t<div class=\"right\">\n\t\t\t\t\t\t\t\t\t\t<a class=\"btn-one style3\" href=\"http:\/\/proqualiservice.com.br\/index.php\/contato\/\"><span class=\"txt\">Contato<i class=\"flaticon-right-arrow-1 arrow1\"><\/i><\/span><\/a>\n\t\t\t\t\t\t\t\t\t<\/div>\n\t\t\t\t\t\t\t\t\t\t\t\t\t\t\t\t\t<\/div>\n\t\t\t\t\t\t\t<\/div>\n\t\t\t\t\t\t<\/div>\n\t\t\t\t\t<\/div>\n\t\t\t\t\t\t\t\t\t<\/div>\n\t\t\t<\/div>\n\t\t<\/section>\n             \n\t\t\t\t<\/div>\n\t\t\t\t<\/div>\n\t\t\t\t\t<\/div>\n\t\t<\/div>\n\t\t\t\t\t\t\t<\/div>\n\t\t<\/section>\n\t\t\t\t<section class=\"elementor-section elementor-top-section elementor-element elementor-element-27c49dd3 elementor-section-full_width elementor-section-height-default elementor-section-height-default\" data-id=\"27c49dd3\" data-element_type=\"section\" data-settings=\"{&quot;_ha_eqh_enable&quot;:false}\">\n\t\t\t\t\t\t<div class=\"elementor-container elementor-column-gap-no\">\n\t\t\t\t\t<div class=\"elementor-column elementor-col-100 elementor-top-column elementor-element elementor-element-2c2a1f02\" data-id=\"2c2a1f02\" data-element_type=\"column\">\n\t\t\t<div class=\"elementor-widget-wrap elementor-element-populated\">\n\t\t\t\t\t\t\t\t<div class=\"elementor-element elementor-element-3554d540 elementor-widget elementor-widget-lebuild_h3_service_icon\" data-id=\"3554d540\" data-element_type=\"widget\" data-widget_type=\"lebuild_h3_service_icon.default\">\n\t\t\t\t<div class=\"elementor-widget-container\">\n\t\t\t        \n\t\t<section class=\"service-style2-area \">\n\t\t\t<div class=\"container\">\n\t\t\t\t<div class=\"row\">\n\t\t\t\t\t<div class=\"col-xl-12\">\n\t\t\t\t\t\t<div class=\"service-style2_top_box\">\n\t\t\t\t\t\t\t\t\t\t\t\t\t\t<div class=\"sec-title\">\n\t\t\t\t\t\t\t\t<div class=\"sub-title\">\n\t\t\t\t\t\t\t\t\t<h5>conhe\u00e7a as nossas solu\u00e7\u00f5es\n<\/h5>\n\t\t\t\t\t\t\t\t<\/div>\n\t\t\t\t\t\t\t\t<h2>Seu Parceiro de<br> Confian\u00e7a para servi\u00e7os <br>de <span> extrema qualidade <\/span><\/h2>\n\t\t\t\t\t\t\t<\/div>\n\t\t\t\t\t\t\t\n\t\t\t\t\t\t\t<div class=\"text_box\">\n\t\t\t\t\t\t\t\t<div class=\"top\">\n\t\t\t\t\t\t\t\t\t<p>Nossa equipe \u00e9 dedicada a oferecer solu\u00e7\u00f5es personalizadas que atendem \u00e0s suas necessidades, garantindo qualidade e efici\u00eancia em cada projeto.<\/p>\n\t\t\t\t\t\t\t\t<\/div>\n\t\t\t\t\t\t\t\t<div class=\"bottom\">\n\t\t\t\t\t\t\t\t\t<p>Com anos de experi\u00eancia no mercado, nos orgulhamos de manter altos padr\u00f5es em todos os aspectos dos servi\u00e7os que prestamos. <\/p>\n\t\t\t\t\t\t\t\t<\/div>\n\t\t\t\t\t\t\t<\/div>\n\t\t\t\t\t\t\t\t\t\t\t\t\t<\/div>\n\t\t\t\t\t<\/div>\n\t\t\t\t<\/div>\n\t\t\t\t<div class=\"row\">\n\t\t\t\t\t\t\t\t\t\t<div class=\"col-xl-3 col-lg-6 col-md-6 wow fadeInDown\" data-wow-delay=\"0ms\" data-wow-duration=\"1500ms\">\n\t\t\t\t\t\t<div class=\"single-service-style2 text-center\">\n\t\t\t\t\t\t\t<div class=\"icon-holder\">\n\t\t\t\t\t\t\t\t<span class=\" flaticon-car-parts\"><\/span>\n\t\t\t\t\t\t\t<\/div> \n\t\t\t\t\t\t\t<div class=\"text-holder\">\n\t\t\t\t\t\t\t\t<h3><a href=\"http:\/\/proqualiservice.com.br\/index.php\/supervisao-de-montagem-inspecao-comissionamento-ensaios-de-qualidade-e-treinamentos\/\">Supervis\u00e3o de montagem, inspe\u00e7\u00e3o, comissionamento, ensaios de qualidade e treinamentos<\/a><\/h3>\n\t\t\t\t\t\t\t\t<p>Eiusmod tempor incididunt ut labore et dolore magna.<\/p>\n\t\t\t\t\t\t\t<\/div>   \n\t\t\t\t\t\t<\/div>\n\t\t\t\t\t<\/div>\n\t\t\t\t    \t\t\t\t\t<div class=\"col-xl-3 col-lg-6 col-md-6 wow fadeInDown\" data-wow-delay=\"0ms\" data-wow-duration=\"1500ms\">\n\t\t\t\t\t\t<div class=\"single-service-style2 text-center\">\n\t\t\t\t\t\t\t<div class=\"icon-holder\">\n\t\t\t\t\t\t\t\t<span class=\" flaticon-architect\"><\/span>\n\t\t\t\t\t\t\t<\/div> \n\t\t\t\t\t\t\t<div class=\"text-holder\">\n\t\t\t\t\t\t\t\t<h3><a href=\"http:\/\/proqualiservice.com.br\/index.php\/manutencao-preventiva-e-corretiva-eletrica-em-paineis-de-media-e-baixa-tensao-disjuntores-e-transformadores\/\">Manuten\u00e7\u00e3o preventiva e corretiva el\u00e9trica em pain\u00e9is de m\u00e9dia e baixa tens\u00e3o, disjuntores e transformadores<\/a><\/h3>\n\t\t\t\t\t\t\t\t<p>Eiusmod tempor incididunt ut labore et dolore magna.<\/p>\n\t\t\t\t\t\t\t<\/div>   \n\t\t\t\t\t\t<\/div>\n\t\t\t\t\t<\/div>\n\t\t\t\t    \t\t\t\t\t<div class=\"col-xl-3 col-lg-6 col-md-6 wow fadeInDown\" data-wow-delay=\"0ms\" data-wow-duration=\"1500ms\">\n\t\t\t\t\t\t<div class=\"single-service-style2 text-center\">\n\t\t\t\t\t\t\t<div class=\"icon-holder\">\n\t\t\t\t\t\t\t\t<span class=\" flaticon-chemical\"><\/span>\n\t\t\t\t\t\t\t<\/div> \n\t\t\t\t\t\t\t<div class=\"text-holder\">\n\t\t\t\t\t\t\t\t<h3><a href=\"http:\/\/proqualiservice.com.br\/index.php\/implantacao-de-novos-projetos-modernizacao-de-paineis-e-protecao-em-subestacoes-existentes\/\">Implanta\u00e7\u00e3o de novos projetos, moderniza\u00e7\u00e3o de pain\u00e9is e prote\u00e7\u00e3o em subesta\u00e7\u00f5es existentes<\/a><\/h3>\n\t\t\t\t\t\t\t\t<p>Eiusmod tempor incididunt ut labore et dolore magna. <br><br><\/p>\n\t\t\t\t\t\t\t<\/div>   \n\t\t\t\t\t\t<\/div>\n\t\t\t\t\t<\/div>\n\t\t\t\t    \t\t\t\t\t<div class=\"col-xl-3 col-lg-6 col-md-6 wow fadeInDown\" data-wow-delay=\"0ms\" data-wow-duration=\"1500ms\">\n\t\t\t\t\t\t<div class=\"single-service-style2 text-center\">\n\t\t\t\t\t\t\t<div class=\"icon-holder\">\n\t\t\t\t\t\t\t\t<span class=\" flaticon-garage-owner\"><\/span>\n\t\t\t\t\t\t\t<\/div> \n\t\t\t\t\t\t\t<div class=\"text-holder\">\n\t\t\t\t\t\t\t\t<h3><a href=\"http:\/\/proqualiservice.com.br\/index.php\/pre-teste-e-acompanhamento-de-inspecoes-e-ensaios-especiais\/\">Pr\u00e9-teste e acompanhamento de inspe\u00e7\u00f5es e ensaios especiais<\/a><\/h3>\n\t\t\t\t\t\t\t\t<p>Eiusmod tempor incididunt ut labore et dolore magna.<br><br><\/p>\n\t\t\t\t\t\t\t<\/div>   \n\t\t\t\t\t\t<\/div>\n\t\t\t\t\t<\/div>\n\t\t\t\t    \t\t\t\t<\/div>\n\t\t\t<\/div>\n\t\t<\/section>\n             \n\t\t\t\t<\/div>\n\t\t\t\t<\/div>\n\t\t\t\t\t<\/div>\n\t\t<\/div>\n\t\t\t\t\t\t\t<\/div>\n\t\t<\/section>\n\t\t\t\t<section class=\"elementor-section elementor-top-section elementor-element elementor-element-6e421513 elementor-section-stretched elementor-section-boxed elementor-section-height-default elementor-section-height-default\" data-id=\"6e421513\" data-element_type=\"section\" data-settings=\"{&quot;stretch_section&quot;:&quot;section-stretched&quot;,&quot;_ha_eqh_enable&quot;:false}\">\n\t\t\t\t\t\t<div class=\"elementor-container elementor-column-gap-no\">\n\t\t\t\t\t<div class=\"elementor-column elementor-col-50 elementor-top-column elementor-element elementor-element-69950ba0\" data-id=\"69950ba0\" data-element_type=\"column\">\n\t\t\t<div class=\"elementor-widget-wrap elementor-element-populated\">\n\t\t\t\t\t\t\t\t<div class=\"elementor-element elementor-element-325a2bbe elementor-widget elementor-widget-lebuild_h3_about_left\" data-id=\"325a2bbe\" data-element_type=\"widget\" data-widget_type=\"lebuild_h3_about_left.default\">\n\t\t\t\t<div class=\"elementor-widget-container\">\n\t\t\t        \n\t\t<!--Start About Style3 Area -->\n\t\t<section class=\"about-style3-area one\">\n\t\t\t<div class=\"container\">\n\t\t\t\t<div class=\"row\">\n\t\t\t\t\t<div class=\"col-xl-12\">\n\t\t\t\t\t\t<div class=\"about-style3-content-box text-right-rtl\">\n\t\t\t\t\t\t\t<div class=\"text-holder\">\n\t\t\t\t\t\t\t\t\t\t\t\t\t\t\t\t<div class=\"sec-title\">\n\t\t\t\t\t\t\t\t\t<div class=\"sub-title\">\n\t\t\t\t\t\t\t\t\t\t<h5>Conhe\u00e7a Nossa Empresa<\/h5>\n\t\t\t\t\t\t\t\t\t<\/div>\n\t\t\t\t\t\t\t\t\t<h2>+ de 27 anos gerando <br>solu\u00e7\u00f5es Inteligentes em Eletrot\u00e9cnica<\/h2>\n\t\t\t\t\t\t\t\t<\/div>\n\t\t\t\t\t\t\t\t\t\t\t\t\t\t\t\t<div class=\"inner-content\">\n\t\t\t\t\t\t\t\t\t<h3>Desde 1997, oferecemos servi\u00e7os especializados em manuten\u00e7\u00e3o, supervis\u00e3o de montagem e comissionamento de pain\u00e9is el\u00e9tricos, disjuntores, transformadores, e sistemas de prote\u00e7\u00e3o.<\/h3>\n\t\t\t\t\t\t\t\t\t<p>Desenvolvemos solu\u00e7\u00f5es completas e personalizadas para o setor el\u00e9trico, atendendo \u00e0s necessidades de cada cliente com projetos sob medida.\n<\/p>\n\t\t\t\t\t\t\t\t\t<ul class=\"bgclr1\">\n\t\t\t\t\t\t\t\t\t\t\t\t\t\t\t\t\t\t\t\t<li><span>+27<\/span> Anos de Experi\u00eancia<\/li>\n\t\t\t\t\t\t\t\t\t\t\t\t\t\t\t\t\t\t\t\t<li><span>+1.000<\/span> Obras Realizadas<\/li>\n\t\t\t\t\t\t\t\t\t\t\t\t\t\t\t\t\t\t\t\t<li><span>+30<\/span> Clientes Atendidos<\/li>\n\t\t\t\t\t\t\t\t\t\t\t\t\t\t\t\t\t\t\t<\/ul>\n\t\t\t\t\t\t\t\t<\/div> \n\t\t\t\t\t\t\t<\/div> \n\t\t\t\t\t\t<\/div> \n\t\t\t\t\t<\/div>\n\t\t\t\t<\/div>\n\t\t\t<\/div>\n\t\t<\/section>\n\t\t<!--End About Style3 Area-->\n             \n\t\t\t\t<\/div>\n\t\t\t\t<\/div>\n\t\t\t\t\t<\/div>\n\t\t<\/div>\n\t\t\t\t<div class=\"elementor-column elementor-col-50 elementor-top-column elementor-element elementor-element-6e3b3d96\" data-id=\"6e3b3d96\" data-element_type=\"column\">\n\t\t\t<div class=\"elementor-widget-wrap elementor-element-populated\">\n\t\t\t\t\t\t\t\t<div class=\"elementor-element elementor-element-7dff88ff elementor-widget elementor-widget-lebuild_h3_about_right\" data-id=\"7dff88ff\" data-element_type=\"widget\" data-widget_type=\"lebuild_h3_about_right.default\">\n\t\t\t\t<div class=\"elementor-widget-container\">\n\t\t\t        \n\t\t<section class=\"about-style3-area two\">\n\t\t\t<div class=\"container\">\n\t\t\t\t<div class=\"row\">\n\t\t\t\t\t<div class=\"col-xl-12\">\n\t\t\t\t\t\t<div class=\"about-style3-img-box\">\n\t\t\t\t\t\t\t<div class=\"inner\">\n\t\t\t\t\t\t\t\t   \n\t\t\t\t\t\t\t\t<img decoding=\"async\" src=\"https:\/\/proqualiservice.com.br\/wp-content\/uploads\/2025\/04\/sld4.jpg\" alt=\"\"\/>\n\t\t\t\t\t\t\t\t\t\t\t\t\t\t\t<\/div>\n\t\t\t\t\t\t<\/div>        \n\t\t\t\t\t<\/div>\n\t\t\t\t\t\n\t\t\t\t<\/div>\n\t\t\t<\/div>\n\t\t<\/section>\n             \n\t\t\t\t<\/div>\n\t\t\t\t<\/div>\n\t\t\t\t\t<\/div>\n\t\t<\/div>\n\t\t\t\t\t\t\t<\/div>\n\t\t<\/section>\n\t\t\t\t<section class=\"elementor-section elementor-top-section elementor-element elementor-element-26c49757 elementor-section-full_width elementor-section-height-default elementor-section-height-default\" data-id=\"26c49757\" data-element_type=\"section\" data-settings=\"{&quot;_ha_eqh_enable&quot;:false}\">\n\t\t\t\t\t\t<div class=\"elementor-container elementor-column-gap-no\">\n\t\t\t\t\t<div class=\"elementor-column elementor-col-100 elementor-top-column elementor-element elementor-element-55224e20\" data-id=\"55224e20\" data-element_type=\"column\">\n\t\t\t<div class=\"elementor-widget-wrap\">\n\t\t\t\t\t\t\t\t\t<\/div>\n\t\t<\/div>\n\t\t\t\t\t\t\t<\/div>\n\t\t<\/section>\n\t\t\t\t<section class=\"elementor-section elementor-top-section elementor-element elementor-element-46b8da8f elementor-section-full_width elementor-section-height-default elementor-section-height-default\" data-id=\"46b8da8f\" data-element_type=\"section\" data-settings=\"{&quot;_ha_eqh_enable&quot;:false}\">\n\t\t\t\t\t\t<div class=\"elementor-container elementor-column-gap-no\">\n\t\t\t\t\t<div class=\"elementor-column elementor-col-100 elementor-top-column elementor-element elementor-element-467e7000\" data-id=\"467e7000\" data-element_type=\"column\">\n\t\t\t<div class=\"elementor-widget-wrap elementor-element-populated\">\n\t\t\t\t\t\t\t\t<div class=\"elementor-element elementor-element-7a6e28b2 elementor-widget elementor-widget-lebuild_h3_gallery\" data-id=\"7a6e28b2\" data-element_type=\"widget\" data-widget_type=\"lebuild_h3_gallery.default\">\n\t\t\t\t<div class=\"elementor-widget-container\">\n\t\t\t        \n\t\t<section class=\"project-style2-area \">\n\t\t\t<div class=\"container\">\n\t\t\t\t\t\t\t\t<div class=\"sec-title text-center\">\n\t\t\t\t\t<div class=\"sub-title\">\n\t\t\t\t\t\t<p>Temos orgulho de entregar solu\u00e7\u00f5es sob medida que refletem nossa dedica\u00e7\u00e3o \u00e0 qualidade e \u00e0 inova\u00e7\u00e3o. Com um portf\u00f3lio diversificado, atuamos em diversos setores, garantindo sempre o m\u00e1ximo desempenho e seguran\u00e7a em todas as nossas obras e servi\u00e7os.\n\n<\/p>\n\t\t\t\t\t<\/div>\n\t\t\t\t\t<h2>conhe\u00e7a as OBRAS E SERVI\u00c7OS EXECUTADOS por n\u00f3s\n<\/h2>\n\t\t\t\t<\/div>\n\t\t\t\t\t\t\t\t<div class=\"row\">\n\t\t\t\t\t\t\t\t\t\t<div class=\"col-xl-4 col-lg-6 col-md-6\">\n\t\t\t\t\t\t<div class=\"single-project-style1 wow fadeInUp\" data-wow-delay=\"0ms\" data-wow-duration=\"1500ms\">\n\t\t\t\t\t\t\t<div class=\"img-holder\">\n\t\t\t\t\t\t\t\t<div class=\"icon bgclr1\"><span class=\" flaticon-factory-1\"><\/span><\/div>\n\t\t\t\t\t\t\t\t<div class=\"inner\">\n\t\t\t\t\t\t\t\t\t<img decoding=\"async\" src=\"https:\/\/proqualiservice.com.br\/wp-content\/uploads\/2025\/02\/Supervisao-de-montagem-e-comissionamento-Painel-Baixa-Tensao-Modelo-S8-na-Hidreletricaa-de-Belo-Monte-PA.jpg\" alt=\"\">\n\t\t\t\t\t\t\t\t\t<div class=\"zoom-button\">\n\t\t\t\t\t\t\t\t\t\t<a class=\"lightbox-image\" data-fancybox=\"gallery\" href=\"https:\/\/proqualiservice.com.br\/wp-content\/uploads\/2025\/02\/Supervisao-de-montagem-e-comissionamento-Painel-Baixa-Tensao-Modelo-S8-na-Hidreletricaa-de-Belo-Monte-PA.jpg\">\n\t\t\t\t\t\t\t\t\t\t\t<i class=\"flaticon-plus\"><\/i>\n\t\t\t\t\t\t\t\t\t\t<\/a>\n\t\t\t\t\t\t\t\t\t<\/div>\n\t\t\t\t\t\t\t\t<\/div>\n\t\t\t\t\t\t\t<\/div> \n\t\t\t\t\t\t\t<div class=\"title-holder\">\n\t\t\t\t\t\t\t\t<h4><a href=\"http:\/\/proqualiservice.com.br\/index.php\/obras-e-servicos\/\">USINA HIDREL\u00c9TRICA DE BELO MONTE<BR><span style=\"color:red;t\">ALTAMIRA - PA<\/span>\n<BR>\n<span style=\"font-size:12px\">Supervis\u00e3o de montagem e comissionamento\n<\/span><\/a><\/h4>   \n\t\t\t\t\t\t\t<\/div>   \n\t\t\t\t\t\t<\/div>\n\t\t\t\t\t<\/div>\n\t\t\t\t\t\t\t\t\t\t<div class=\"col-xl-4 col-lg-6 col-md-6\">\n\t\t\t\t\t\t<div class=\"single-project-style1 wow fadeInUp\" data-wow-delay=\"0ms\" data-wow-duration=\"1500ms\">\n\t\t\t\t\t\t\t<div class=\"img-holder\">\n\t\t\t\t\t\t\t\t<div class=\"icon bgclr1\"><span class=\" flaticon-chemical\"><\/span><\/div>\n\t\t\t\t\t\t\t\t<div class=\"inner\">\n\t\t\t\t\t\t\t\t\t<img decoding=\"async\" src=\"https:\/\/proqualiservice.com.br\/wp-content\/uploads\/2025\/02\/PAINEL-DE-MEDIA-TENSAO-MODELO-NXAIR-NA-DETEN-1.jpg\" alt=\"\">\n\t\t\t\t\t\t\t\t\t<div class=\"zoom-button\">\n\t\t\t\t\t\t\t\t\t\t<a class=\"lightbox-image\" data-fancybox=\"gallery\" href=\"https:\/\/proqualiservice.com.br\/wp-content\/uploads\/2025\/02\/PAINEL-DE-MEDIA-TENSAO-MODELO-NXAIR-NA-DETEN-1.jpg\">\n\t\t\t\t\t\t\t\t\t\t\t<i class=\"flaticon-plus\"><\/i>\n\t\t\t\t\t\t\t\t\t\t<\/a>\n\t\t\t\t\t\t\t\t\t<\/div>\n\t\t\t\t\t\t\t\t<\/div>\n\t\t\t\t\t\t\t<\/div> \n\t\t\t\t\t\t\t<div class=\"title-holder\">\n\t\t\t\t\t\t\t\t<h4><a href=\"http:\/\/proqualiservice.com.br\/index.php\/obras-e-servicos\/\">DETEN QU\u00cdMICA S.A.<BR><span style=\"color:red;t\">SALVADOR - BA<\/span>\n<BR>\n<span style=\"font-size:12px\">Supervis\u00e3o e montagem e comissionamento em eletrocentro\n<\/span><\/a><\/h4>   \n\t\t\t\t\t\t\t<\/div>   \n\t\t\t\t\t\t<\/div>\n\t\t\t\t\t<\/div>\n\t\t\t\t\t\t\t\t\t\t<div class=\"col-xl-4 col-lg-6 col-md-6\">\n\t\t\t\t\t\t<div class=\"single-project-style1 wow fadeInUp\" data-wow-delay=\"0ms\" data-wow-duration=\"1500ms\">\n\t\t\t\t\t\t\t<div class=\"img-holder\">\n\t\t\t\t\t\t\t\t<div class=\"icon bgclr1\"><span class=\" flaticon-chemical\"><\/span><\/div>\n\t\t\t\t\t\t\t\t<div class=\"inner\">\n\t\t\t\t\t\t\t\t\t<img decoding=\"async\" src=\"https:\/\/proqualiservice.com.br\/wp-content\/uploads\/2025\/04\/h1.jpg\" alt=\"\">\n\t\t\t\t\t\t\t\t\t<div class=\"zoom-button\">\n\t\t\t\t\t\t\t\t\t\t<a class=\"lightbox-image\" data-fancybox=\"gallery\" href=\"https:\/\/proqualiservice.com.br\/wp-content\/uploads\/2025\/04\/h1.jpg\">\n\t\t\t\t\t\t\t\t\t\t\t<i class=\"flaticon-plus\"><\/i>\n\t\t\t\t\t\t\t\t\t\t<\/a>\n\t\t\t\t\t\t\t\t\t<\/div>\n\t\t\t\t\t\t\t\t<\/div>\n\t\t\t\t\t\t\t<\/div> \n\t\t\t\t\t\t\t<div class=\"title-holder\">\n\t\t\t\t\t\t\t\t<h4><a href=\"http:\/\/proqualiservice.com.br\/index.php\/obras-e-servicos\/\">METR\u00d4 DE SALVADOR<BR><span style=\"color:red;t\">SALVADOR - BA<\/span>\n<BR>\n<span style=\"font-size:12px\">Testes de transformador de corrente (TC) em painel de 23Kv\n<\/span><\/a><\/h4>   \n\t\t\t\t\t\t\t<\/div>   \n\t\t\t\t\t\t<\/div>\n\t\t\t\t\t<\/div>\n\t\t\t\t\t\t\t\t\t<\/div>\n\t\t\t\t\t\t\t\t<div class=\"row\">\n\t\t\t\t\t<div class=\"col-xl-12\">\n\t\t\t\t\t\t<div class=\"project-style2_viewmore_button text-center\">\n\t\t\t\t\t\t\t<a class=\"btn-one\" href=\"http:\/\/proqualiservice.com.br\/index.php\/obras-e-servicos\/\"><span class=\"txt\">Veja mais Obras e Servi\u00e7os<i class=\"flaticon-right-arrow-1 arrow1\"><\/i><\/span><\/a>\n\t\t\t\t\t\t<\/div>\n\t\t\t\t\t<\/div>\n\t\t\t\t<\/div>\n\t\t\t   \t\t\t<\/div>    \n\t\t<\/section>\n             \n\t\t\t\t<\/div>\n\t\t\t\t<\/div>\n\t\t\t\t\t<\/div>\n\t\t<\/div>\n\t\t\t\t\t\t\t<\/div>\n\t\t<\/section>\n\t\t\t\t<section class=\"elementor-section elementor-top-section elementor-element elementor-element-17bf56b3 elementor-section-full_width elementor-section-height-default elementor-section-height-default\" data-id=\"17bf56b3\" data-element_type=\"section\" data-settings=\"{&quot;_ha_eqh_enable&quot;:false}\">\n\t\t\t\t\t\t<div class=\"elementor-container elementor-column-gap-no\">\n\t\t\t\t\t<div class=\"elementor-column elementor-col-100 elementor-top-column elementor-element elementor-element-2271ed3\" data-id=\"2271ed3\" data-element_type=\"column\">\n\t\t\t<div class=\"elementor-widget-wrap elementor-element-populated\">\n\t\t\t\t\t\t\t\t<div class=\"elementor-element elementor-element-909ba68 elementor-widget elementor-widget-lebuild_h1_newsletter\" data-id=\"909ba68\" data-element_type=\"widget\" data-widget_type=\"lebuild_h1_newsletter.default\">\n\t\t\t\t<div class=\"elementor-widget-container\">\n\t\t\t        \n\t\t<section class=\"subscribe-area \">\n\t\t\t\t\t\t<div class=\"subscribe-area_bg\" style=\"background-image: url(https:\/\/proqualiservice.com.br\/wp-content\/uploads\/2025\/04\/sld2.jpg);\">\n\t\t\t\t\t\t<\/div>\n\t\t\t<div class=\"container\">\n\t\t\t\t<div class=\"row\">\n\t\t\t\t\t<div class=\"col-xl-12\">\n\t\t\t\t\t\t<div class=\"subscribe-content-box wow slideInDown\" data-wow-delay=\"100ms\" data-wow-duration=\"1500ms\">\n\t\t\t\t\t\t\t<div class=\"title_box\">\n\t\t\t\t\t\t\t\t<div class=\"icon\">\n\t\t\t\t\t\t\t\t\t<span class=\"flaticon-newsletter\"><\/span>\n\t\t\t\t\t\t\t\t<\/div>\n\t\t\t\t\t\t\t\t<div class=\"subscribe-title\">\n\t\t\t\t\t\t\t\t\t<p>RECEBA NOSSA<\/p>\n\t\t\t\t\t\t\t\t\t<h3>APRESENTA\u00c7\u00c3O<\/h3>\n\t\t\t\t\t\t\t\t<\/div>\n\t\t\t\t\t\t\t<\/div>\n\t\t\t\t\t\t\t<div class=\"text\">\n\t\t\t\t\t\t\t\t<p>Receba conte\u00fado sobre nossa empresa diretamente no seu email.<\/p>\n\t\t\t\t\t\t\t<\/div>\n\t\t\t\t\t\t\t<div class=\"subscribe-box\">\n\t\t\t\t\t\t\t\t<form class=\"subscribe-form\" method=\"post\" action=\"http:\/\/feedburner.google.com\/fb\/a\/mailverify\" accept-charset=\"utf-8\">\n\t\t\t\t\t\t\t\t\t<input type=\"hidden\" id=\"uri2\" name=\"uri\" value=\"themeforest\">\n\t\t\t\t\t\t\t\t\t<input type=\"email\" name=\"email\" placeholder=\"Digite seu Email\">\n\t\t\t\t\t\t\t\t\t<button class=\"btn-one\" type=\"submit\"><span class=\"txt\"><i class=\"flaticon-paper-plane\"><\/i><\/span><\/button>\n\t\t\t\t\t\t\t\t<\/form>\n\t\t\t\t\t\t\t\t<p>Voc\u00ea receber\u00e1 um pdf com a nossa apresenta\u00e7\u00e3o institucional. Verifique sua caixa de mensagens!<span>*<\/span><\/p>\n\t\t\t\t\t\t\t<\/div>\n\t\t\t\t\t\t\t<div class=\"phone_number\">\n\t\t\t\t\t\t\t\t<div class=\"icon bgclr1\">\n\t\t\t\t\t\t\t\t\t<span class=\"flaticon-phone-call-2\"><\/span>\n\t\t\t\t\t\t\t\t<\/div>\n\t\t\t\t\t\t\t\t<div class=\"inner_text\">\n\t\t\t\t\t\t\t\t\t<p>Entre em Contato<\/p>\n\t\t\t\t\t\t\t\t\t<h2><a href=\"tel:#\">+55 11 2408 3641<\/a><\/h2>\n\t\t\t\t\t\t\t\t<\/div>\n\t\t\t\t\t\t\t<\/div>\n\t\t\t\t\t\t<\/div> \n\t\t\t\t\t<\/div>\n\t\t\t\t<\/div>\n\t\t\t<\/div>\n\t\t<\/section>\n             \n\t\t\t\t<\/div>\n\t\t\t\t<\/div>\n\t\t\t\t\t<\/div>\n\t\t<\/div>\n\t\t\t\t\t\t\t<\/div>\n\t\t<\/section>\n\t\t\t\t\t\t\t<\/div>\n\t\t","protected":false},"excerpt":{"rendered":"<p>Proquali Service Solu\u00e7\u00f5es inteligentes em equipamentos el\u00e9tricos industriaisde baixa e m\u00e9dia tens\u00e3o Garantia da seguran\u00e7a e o bom funcionamento dasinstala\u00e7\u00f5es el\u00e9tricas em ind\u00fastrias de diversos setores Quem Somos Proquali Service Solu\u00e7\u00f5es inteligentes em equipamentos el\u00e9tricos industriaisde baixa e m\u00e9dia tens\u00e3o Garantia da seguran\u00e7a e o bom funcionamento dasinstala\u00e7\u00f5es el\u00e9tricas em ind\u00fastrias de diversos setores Contato [&hellip;]<\/p>\n","protected":false},"author":1,"featured_media":0,"parent":0,"menu_order":0,"comment_status":"closed","ping_status":"closed","template":"tpl-default-elementor.php","meta":{"footnotes":""},"class_list":["post-15","page","type-page","status-publish","hentry"],"_links":{"self":[{"href":"https:\/\/proqualiservice.com.br\/index.php\/wp-json\/wp\/v2\/pages\/15","targetHints":{"allow":["GET"]}}],"collection":[{"href":"https:\/\/proqualiservice.com.br\/index.php\/wp-json\/wp\/v2\/pages"}],"about":[{"href":"https:\/\/proqualiservice.com.br\/index.php\/wp-json\/wp\/v2\/types\/page"}],"author":[{"embeddable":true,"href":"https:\/\/proqualiservice.com.br\/index.php\/wp-json\/wp\/v2\/users\/1"}],"replies":[{"embeddable":true,"href":"https:\/\/proqualiservice.com.br\/index.php\/wp-json\/wp\/v2\/comments?post=15"}],"version-history":[{"count":155,"href":"https:\/\/proqualiservice.com.br\/index.php\/wp-json\/wp\/v2\/pages\/15\/revisions"}],"predecessor-version":[{"id":2504,"href":"https:\/\/proqualiservice.com.br\/index.php\/wp-json\/wp\/v2\/pages\/15\/revisions\/2504"}],"wp:attachment":[{"href":"https:\/\/proqualiservice.com.br\/index.php\/wp-json\/wp\/v2\/media?parent=15"}],"curies":[{"name":"wp","href":"https:\/\/api.w.org\/{rel}","templated":true}]}}